{"id":41,"date":"2016-04-05T21:45:33","date_gmt":"2016-04-05T19:45:33","guid":{"rendered":"http:\/\/www.kristallkluft.at\/Kristallkluft\/?page_id=41"},"modified":"2020-03-09T08:28:34","modified_gmt":"2020-03-09T07:28:34","slug":"home-2","status":"publish","type":"page","link":"http:\/\/www.kristallkluft.at\/Kristallkluft\/","title":{"rendered":"Home"},"content":{"rendered":"<p><img loading=\"lazy\" decoding=\"async\" width=\"200\" height=\"403\" class=\"size-full wp-image-195 alignright\" alt=\"Stufe_komp\" src=\"http:\/\/www.kristallkluft.at\/Kristallkluft\/wp-content\/uploads\/2016\/04\/Stufe_komp.jpg\">Auf den folgenden Seiten dreht sich alles um das Sammeln von Mineralien. Unter \u201c<a href=\"http:\/\/www.kristallkluft.at\/Kristallkluft\/ueber-mich\/\">\u00dcber mich<\/a>\u201d erz\u00e4hle ich wie ich zum \u201cStoansuchn\u201d (Mineralien sammeln) gekommen bin und warum dieses Hobby f\u00fcr mich zu den sch\u00f6nsten Freizeitaktivit\u00e4ten \u00fcberhaupt z\u00e4hlt.<\/p>\n<p>Danach k\u00f6nnt Ihr einen kurzen Blicke in \u201c<a href=\"http:\/\/www.kristallkluft.at\/Kristallkluft\/meine-sammlung\/\">Meine Sammlung<\/a>\u201d nehmen. Dort versuche ich meine Funde mit Hilfe von Fotos f\u00fcr euch auszustellen.<\/p>\n<p>Unter \u201c<a href=\"http:\/\/www.kristallkluft.at\/Kristallkluft\/touren-blog\/\">Touren&nbsp;Blog<\/a>\u201d k\u00f6nnt Ihr erfahren, wo und unter welchen Umst\u00e4nden ich meine Mineralien gefunden habe. Ab 2016 werde ich meine laufenden Mineralientouren dort eintragen und etwaige Funde herzeigen. Kommentare sind durch die Blog Funktion jederzeit m\u00f6glich und erw\u00fcnscht!<\/p>\n<p>Wer auf der Suche nach B\u00fcchern und Filmen zum Thema Mineralien ist sollte unter \u201c<a href=\"http:\/\/www.kristallkluft.at\/Kristallkluft\/buecher-und-links\/buecher\/\">B\u00fccher<\/a>\u201d vorbei schauen. Der Schwerpunkt bei den von mir angef\u00fchrten B\u00fcchern liegt auf der Beschreibung von Fundstellen und Fundberichten. Die klassischen Lehrb\u00fccher werdet ihr dort aber nicht finden, weil diese f\u00fcr die meisten Laien (wie mich) nicht gut lesbar und vor allem nicht verst\u00e4ndlich sind. Mir sind Erz\u00e4hlungen \u00fcber die Menschen und ihren Fundgeschichten lieber als anonyme Beschreibungen. Alle B\u00fccher und Filme sind in meinem Besitz.<\/p>\n<p>Zu guter Letzt findet sich unter \u201c<a href=\"http:\/\/www.kristallkluft.at\/Kristallkluft\/buecher-und-links\/links\/\">Links<\/a>\u201d ein Anzahl ausgesuchter Links auf Mineralienseiten im Internet. Dort findet man Informationen zu allen m\u00f6gliche Themen rund um Mineralien.<\/p>\n<p>Unter \u201c<a href=\"http:\/\/www.kristallkluft.at\/Kristallkluft\/sammler-und-events\/\">Sammler und Events<\/a>\u201d gibt es noch ein paar Information und aktuelle Bilder rund um Veranstaltungen aus der Mineralienwelt.<\/p>\n<p>Zum Abschluss w\u00fcnsche ich noch viel Spa\u00df beim Schm\u00f6kern auf meiner Homepage und w\u00fcrde mich \u00fcber eine R\u00fcckmeldung im \u201c<a href=\"http:\/\/www.kristallkluft.at\/Kristallkluft\/gaestebuch\/\">G\u00e4stebuch<\/a>\u201d zu meiner Seite freuen.<\/p>\n","protected":false},"excerpt":{"rendered":"<p>Auf den folgenden Seiten dreht sich alles um das Sammeln von Mineralien. Unter \u201c\u00dcber mich\u201d erz\u00e4hle ich wie ich zum \u201cStoansuchn\u201d (Mineralien sammeln) gekommen bin und warum dieses Hobby f\u00fcr mich zu den sch\u00f6nsten&#46;&#46;&#46;<\/p>\n","protected":false},"author":2,"featured_media":0,"parent":0,"menu_order":1,"comment_status":"closed","ping_status":"closed","template":"","meta":{"footnotes":""},"class_list":["post-41","page","type-page","status-publish","hentry"],"_links":{"self":[{"href":"http:\/\/www.kristallkluft.at\/Kristallkluft\/wp-json\/wp\/v2\/pages\/41","targetHints":{"allow":["GET"]}}],"collection":[{"href":"http:\/\/www.kristallkluft.at\/Kristallkluft\/wp-json\/wp\/v2\/pages"}],"about":[{"href":"http:\/\/www.kristallkluft.at\/Kristallkluft\/wp-json\/wp\/v2\/types\/page"}],"author":[{"embeddable":true,"href":"http:\/\/www.kristallkluft.at\/Kristallkluft\/wp-json\/wp\/v2\/users\/2"}],"replies":[{"embeddable":true,"href":"http:\/\/www.kristallkluft.at\/Kristallkluft\/wp-json\/wp\/v2\/comments?post=41"}],"version-history":[{"count":10,"href":"http:\/\/www.kristallkluft.at\/Kristallkluft\/wp-json\/wp\/v2\/pages\/41\/revisions"}],"predecessor-version":[{"id":1278,"href":"http:\/\/www.kristallkluft.at\/Kristallkluft\/wp-json\/wp\/v2\/pages\/41\/revisions\/1278"}],"wp:attachment":[{"href":"http:\/\/www.kristallkluft.at\/Kristallkluft\/wp-json\/wp\/v2\/media?parent=41"}],"curies":[{"name":"wp","href":"https:\/\/api.w.org\/{rel}","templated":true}]}}