{"id":61,"date":"2016-04-05T22:11:06","date_gmt":"2016-04-05T20:11:06","guid":{"rendered":"http:\/\/www.kristallkluft.at\/Kristallkluft\/?page_id=61"},"modified":"2016-04-06T08:12:02","modified_gmt":"2016-04-06T06:12:02","slug":"buecher-und-links","status":"publish","type":"page","link":"http:\/\/www.kristallkluft.at\/Kristallkluft\/buecher-und-links\/","title":{"rendered":"B\u00fccher und Links"},"content":{"rendered":"<blockquote><p>Ich m\u00f6chte euch hier ein paar ausgew\u00e4hlte B\u00fccher zum Thema Mineralien und Mineralien sammeln pr\u00e4sentieren. Gerade in den langen Wintermonaten versuche ich damit die Zeit zu verk\u00fcrzen. Man kann sich zwar einiges an Theorie anlesen, aber die Umsetzung im Gel\u00e4nde ist meist um einiges schwieriger.<\/p><\/blockquote>\n<p>Die meisten dieser B\u00fccher k\u00f6nnt ihr unter: <a href=\"http:\/\/www.lapis.de\/\">www.lapis.de<\/a> oder <a href=\"http:\/\/www.amazon.com\/\">www.amazon.com<\/a> kaufen. Vorbei schauen lohnt sich auf jeden Fall.<\/p>\n","protected":false},"excerpt":{"rendered":"<p>Ich m\u00f6chte euch hier ein paar ausgew\u00e4hlte B\u00fccher zum Thema Mineralien und Mineralien sammeln pr\u00e4sentieren. Gerade in den langen Wintermonaten versuche ich damit die Zeit zu verk\u00fcrzen. Man kann sich zwar einiges an Theorie&#46;&#46;&#46;<\/p>\n","protected":false},"author":2,"featured_media":0,"parent":0,"menu_order":0,"comment_status":"closed","ping_status":"closed","template":"","meta":{"footnotes":""},"class_list":["post-61","page","type-page","status-publish","hentry"],"_links":{"self":[{"href":"http:\/\/www.kristallkluft.at\/Kristallkluft\/wp-json\/wp\/v2\/pages\/61","targetHints":{"allow":["GET"]}}],"collection":[{"href":"http:\/\/www.kristallkluft.at\/Kristallkluft\/wp-json\/wp\/v2\/pages"}],"about":[{"href":"http:\/\/www.kristallkluft.at\/Kristallkluft\/wp-json\/wp\/v2\/types\/page"}],"author":[{"embeddable":true,"href":"http:\/\/www.kristallkluft.at\/Kristallkluft\/wp-json\/wp\/v2\/users\/2"}],"replies":[{"embeddable":true,"href":"http:\/\/www.kristallkluft.at\/Kristallkluft\/wp-json\/wp\/v2\/comments?post=61"}],"version-history":[{"count":1,"href":"http:\/\/www.kristallkluft.at\/Kristallkluft\/wp-json\/wp\/v2\/pages\/61\/revisions"}],"predecessor-version":[{"id":63,"href":"http:\/\/www.kristallkluft.at\/Kristallkluft\/wp-json\/wp\/v2\/pages\/61\/revisions\/63"}],"wp:attachment":[{"href":"http:\/\/www.kristallkluft.at\/Kristallkluft\/wp-json\/wp\/v2\/media?parent=61"}],"curies":[{"name":"wp","href":"https:\/\/api.w.org\/{rel}","templated":true}]}}