{"id":67,"date":"2016-04-05T22:21:17","date_gmt":"2016-04-05T20:21:17","guid":{"rendered":"http:\/\/www.kristallkluft.at\/Kristallkluft\/?page_id=67"},"modified":"2022-01-16T14:25:03","modified_gmt":"2022-01-16T13:25:03","slug":"links","status":"publish","type":"page","link":"http:\/\/www.kristallkluft.at\/Kristallkluft\/buecher-und-links\/links\/","title":{"rendered":"Links"},"content":{"rendered":"<table id=\"Tabelle8\" border=\"1\" width=\"600\" cellspacing=\"1\" cellpadding=\"1\">\n<tbody>\n<tr>\n<td width=\"0\"><b>Link<\/b><\/td>\n<td width=\"0\"><b>Beschreibung<\/b><\/td>\n<\/tr>\n<tr>\n<td style=\"text-align: left;\"><a href=\"http:\/\/www.geo-alpstein.ch\/\" target=\"_blank\" rel=\"noopener noreferrer\">http:\/\/www.geo-alpstein.ch\/<\/a><\/td>\n<td style=\"text-align: left;\">Mineralien, Fossilien und Geologie des Alpsteins (S\u00e4ntis-Gebiet, Nordostschweiz)<\/td>\n<\/tr>\n<tr>\n<td style=\"text-align: left;\"><a href=\"http:\/\/www.schweizer-mineralienwelt.ch\/\" target=\"_blank\" rel=\"noopener noreferrer\">http:\/\/www.schweizer-mineralienwelt.ch\/<\/a><\/td>\n<td style=\"text-align: left;\">\u00dcberblick \u00fcber die Mineralfunde der Schweiz anhand der Sammlung von Peter K\u00fcrsteiner. Laufende Aktualisierung der Fundbilder<\/td>\n<\/tr>\n<tr>\n<td style=\"text-align: left;\"><a href=\"http:\/\/www.bachgold.de\/\" target=\"_blank\" rel=\"noopener noreferrer\">http:\/\/www.bachgold.de\/<\/a><\/td>\n<td style=\"text-align: left;\">Seite \u00fcber das Goldwaschen in Deutschland<\/td>\n<\/tr>\n<tr>\n<td style=\"text-align: left;\"><a href=\"http:\/\/www.pinzgauer-mineralien.at\/\" target=\"_blank\" rel=\"noopener noreferrer\">http:\/\/www.pinzgauer-mineralien.at\/<\/a><\/td>\n<td style=\"text-align: left;\">Seite der Stoansucher-Legende aus dem Pinzgau &#8211; Kurt Nowak<\/td>\n<\/tr>\n<tr>\n<td style=\"text-align: left;\"><a href=\"http:\/\/www.mineralien-leitner.at\/\" target=\"_blank\" rel=\"noopener noreferrer\">http:\/\/www.mineralien-leitner.at\/<\/a><\/td>\n<td style=\"text-align: left;\">Pr\u00e4sentation der Sammlung der Familie Leitner aus Nieder\u00f6sterreich<\/td>\n<\/tr>\n<tr>\n<td style=\"text-align: left;\"><a href=\"http:\/\/stoasuacha.jimdo.com\/\" target=\"_blank\" rel=\"noopener noreferrer\">http:\/\/stoasuacha.jimdo.com\/<\/a><\/td>\n<td style=\"text-align: left;\">Seite des Lungauer Stoansucher&#8217;s &#8211; Stefan Hager<\/td>\n<\/tr>\n<tr>\n<td style=\"text-align: left;\"><a href=\"http:\/\/www.brookit.ch\/\" target=\"_blank\" rel=\"noopener noreferrer\">http:\/\/www.brookit.ch\/<\/a><\/td>\n<td style=\"text-align: left;\">Sch\u00f6ne neue Seite aus der Schweiz auch mit dem Angebot f\u00fcr Minerlienexkursionen<\/td>\n<\/tr>\n<tr>\n<td style=\"text-align: left;\"><a href=\"http:\/\/www.grimselkristall.ch\/\" target=\"_blank\" rel=\"noopener noreferrer\">http:\/\/www.grimselkristall.ch\/<\/a><\/td>\n<td style=\"text-align: left;\">Seite des Schweizer Strahler&#8217;s &#8211; Walter von Weissenfluh mit ein paar netten Erz\u00e4hlungen aus dem Strahlerleben.<\/td>\n<\/tr>\n<tr>\n<td style=\"text-align: left;\"><a href=\"http:\/\/austrianminerals.jimdo.com\/\" target=\"_blank\" rel=\"noopener noreferrer\">http:\/\/austrianminerals.jimdo.com\/<\/a><\/td>\n<td style=\"text-align: left;\">Gerhard Brandstetter zeigt sch\u00f6ne Mineralien aus \u00d6sterreich. Mit ein paar sehenswerten Klassikern<\/td>\n<\/tr>\n<tr>\n<td style=\"text-align: left;\"><a href=\"http:\/\/www.bluemountains.at\/\" target=\"_blank\" rel=\"noopener noreferrer\">http:\/\/www.bluemountains.at\/<\/a><\/td>\n<td style=\"text-align: left;\">Sch\u00f6ne Seite von Reinhold Bacher\u00a0f\u00fcr den Verkauf von alpinen Mineralien aber auch ein paar netten Fundberichten.<\/td>\n<\/tr>\n<tr>\n<td style=\"text-align: left;\"><a href=\"http:\/\/www.petereberhard.at\/\" target=\"_blank\" rel=\"noopener noreferrer\">http:\/\/www.petereberhard.at\/<\/a><\/td>\n<td style=\"text-align: left;\">Sehr interessante Seite eines Kollegen aus der Steiermark mit einigen Bildern von der Koralm<\/td>\n<\/tr>\n<tr>\n<td style=\"text-align: left;\"><a href=\"http:\/\/www.lerchstermineralien.at\/\" target=\"_blank\" rel=\"noopener noreferrer\">http:\/\/www.lerchstermineralien.at\/<\/a><\/td>\n<td style=\"text-align: left;\">Seite von Martin Lerchster. Einer der wenigen Jungen mit diesem Hobby<\/td>\n<\/tr>\n<tr>\n<td style=\"text-align: left;\"><a href=\"http:\/\/www.allerhandwerk.at\" target=\"_blank\" rel=\"noopener noreferrer\">www.allerhandwerk.at<\/a><\/td>\n<td style=\"text-align: left;\">Verein Aller-Hand-Werk im Kunst- und Handwerkshaus in der hinteren Gasse in Gm\u00fcnd \/ K\u00e4rnten. Gesch\u00e4ft mit tollen selbstgemachten Werkst\u00fccken.<\/td>\n<\/tr>\n<tr>\n<td style=\"text-align: left;\"><a href=\"http:\/\/www.faszination-jakobsweg.at\" target=\"_blank\" rel=\"noopener noreferrer\">www.faszination-jakobsweg.at<\/a><\/td>\n<td style=\"text-align: left;\">Alles \u00fcber den Jakobsweg und ein Spendenakion f\u00fcr die Erdbebenofper in Nepal. Schaut mal vorbei<\/td>\n<\/tr>\n<tr>\n<td style=\"text-align: left;\"><a href=\"http:\/\/www.titanwerkzeug.at\" target=\"_blank\" rel=\"noopener noreferrer\">www.titanwerkzeug.at<\/a><\/td>\n<td style=\"text-align: left;\">Wer Bedarf f\u00fcr gutes und vor allem leichtes Werkzeug hat, sollte diese Seite besuchen.<\/td>\n<\/tr>\n<tr>\n<td style=\"text-align: left;\"><a href=\"http:\/\/www.mineralidellealpi.altervista.org\" target=\"_blank\" rel=\"noopener noreferrer\">www.mineralidellealpi.altervista.org<\/a><\/td>\n<td style=\"text-align: left;\">Italienische Seite mit ein paar netten Bildern und Fundberichten von Roberto.<\/td>\n<\/tr>\n<tr>\n<td style=\"text-align: left;\"><a href=\"http:\/\/www.alpine-kristalle.at\" target=\"_blank\" rel=\"noopener noreferrer\">www.alpine-kristalle.at<\/a><\/td>\n<td style=\"text-align: left;\">Seite der Lavanttaler Sammlergemeinschaft. Tolle Seite mit vielen Fotos von den sehr sch\u00f6nen Funden im Lavanttal. Auch ein paar Berichte aus den Hohen Tauern sind zu finden. Unbedingt anschauen&#8230;..<\/td>\n<\/tr>\n<tr>\n<td style=\"text-align: left;\"><a href=\"http:\/\/www.lungauer-stoafexn.at\" target=\"_blank\" rel=\"noopener noreferrer\">http:\/\/www.lungauer-stoafexn.at<\/a><\/td>\n<td style=\"text-align: left;\">Die Lungauer Stoafexn. Ein neuer Mineralienverein aus dem Lungau\u00a0stellt sich vor.<\/td>\n<\/tr>\n<tr>\n<td style=\"text-align: left;\"><a href=\"http:\/\/www.mindat.org\/user-30571.html#2_0_0_0_0__\" target=\"_blank\" rel=\"noopener noreferrer\">http:\/\/www.mindat.org\/user-30571.html#2_0_0_0_0__<\/a><\/td>\n<td style=\"text-align: left;\">Homepage von Rudolf Hasler auf Mindat.org mit Fotos von den wohl sch\u00f6nsten St\u00fccken K\u00e4rntens und auch anderen Regionen. Vorbei schauen und \u00fcber Mineralien sowie die ausgefeilte Fototechnik staunen.<\/td>\n<\/tr>\n<tr>\n<td style=\"text-align: left;\"><a href=\"http:\/\/www.noricumgold.com\/\" target=\"_blank\" rel=\"noopener noreferrer\">http:\/\/www.noricumgold.com\/<\/a><\/td>\n<td style=\"text-align: left;\">Englische Seite mit Berichten \u00fcber die Explorationsarbeiten der Noricum Gold Limited z.B. im Bereich Murtal (Rotg\u00fclden), Klining, Goldzeche usw.<\/td>\n<\/tr>\n<tr>\n<td style=\"text-align: left;\"><a href=\"http:\/\/stoafex78-mineralien.jimdo.com\/\" target=\"_blank\" rel=\"noopener noreferrer\">http:\/\/stoafex78-mineralien.jimdo.com\/<\/a><\/td>\n<td style=\"text-align: left;\">Seite von Markus Rosenkranz mit ausgew\u00e4hlten Mineralien aus dem Lungau sowie Oberk\u00e4rnten. Ganz besonders sind die sch\u00f6nen Fluorite hervor zu heben.<\/td>\n<\/tr>\n<tr>\n<td style=\"text-align: left;\"><a href=\"http:\/\/www.bergkristall-treff.de\" target=\"_blank\" rel=\"noopener noreferrer\">http:\/\/www.bergkristall-treff.de<\/a><\/td>\n<td style=\"text-align: left;\">Sehr sch\u00f6ne Seite von Joachim Willi mit tollen Funden aus dem Deutsch-\u00d6sterreichischen-Schweizer Grenzgebiet. Sehr interessante Fundberichte.<\/td>\n<\/tr>\n<tr>\n<td style=\"text-align: left;\"><a href=\"http:\/\/www.mineralien-suedtirol.it\" target=\"_blank\" rel=\"noopener noreferrer\">http:\/\/www.mineralien-suedtirol.it<\/a><\/td>\n<td style=\"text-align: left;\">Homepage des Landesverbandes der Mineralien- und Fossiliensammlervereine S\u00fcdtirols (Provinz Bozen \u2013 Italien)<\/td>\n<\/tr>\n<tr>\n<td style=\"text-align: left;\"><a href=\"http:\/\/www.rauchquarz.ch\/\" target=\"_blank\" rel=\"noopener noreferrer\">http:\/\/www.rauchquarz.ch\/<\/a><\/td>\n<td style=\"text-align: left;\">Sehr sch\u00f6ne Schweizer Site mit beeindruckenden Bildern und Tourenberichten. Super unbedingt anschauen.<\/td>\n<\/tr>\n<tr>\n<td style=\"text-align: left;\"><a href=\"http:\/\/mineralien-josef-papp.members.cablelink.at\/\" target=\"_blank\" rel=\"noopener noreferrer\">http:\/\/mineralien-josef-papp.members.cablelink.at\/<\/a><\/td>\n<td style=\"text-align: left;\">Seite der Stoansucher-Legende Sepp Papp aus Mittersil. Gewaltige Funde. Eine Freude, dass man diese Funde auch noch im Internet bewundern darf. Gratulation.<\/td>\n<\/tr>\n<tr>\n<td style=\"text-align: left;\"><a href=\"http:\/\/www.alpinquarz.at\/\" target=\"_blank\" rel=\"noopener noreferrer\">http:\/\/www.alpinquarz.at\/<\/a><\/td>\n<td style=\"text-align: left;\">Herbert Grabmayer, einer der jungen Wilden aus der Rauris, zeigt seine super Funde. Sch\u00f6ne Seite f\u00fcr Alpinsammler<\/td>\n<\/tr>\n<tr>\n<td style=\"text-align: left;\"><a href=\"http:\/\/www.mineraliensammler.com\/\" target=\"_blank\" rel=\"noopener noreferrer\">http:\/\/www.mineraliensammler.com\/<\/a><\/td>\n<td style=\"text-align: left;\">Die Homepage der Vereinigten Mineraliensammler \u00d6sterreichs Landesgruppe Salzburg. Sehr sch\u00f6ne Seite aber leider nur sp\u00e4rliche Updates.<\/td>\n<\/tr>\n<tr>\n<td style=\"text-align: left;\"><a href=\"http:\/\/www.vstm.at\/\" target=\"_blank\" rel=\"noopener noreferrer\">http:\/\/www.vstm.at\/<\/a><\/td>\n<td style=\"text-align: left;\">Vereinigung Steirischer Mineraliensammler<\/td>\n<\/tr>\n<tr>\n<td style=\"text-align: left;\"><a href=\"http:\/\/www.indra-g.at\/\" target=\"_blank\" rel=\"noopener noreferrer\">http:\/\/www.indra-g.at\/<\/a><\/td>\n<td style=\"text-align: left;\">Indra G\u00fcnther &#8211; Micromounts &#8211; Sehr gute Datenbank zu allen m\u00f6gliche Fundstellen. Leider fehlt es etwas an Bildern aber sonst sehr informativ.<\/td>\n<\/tr>\n<tr>\n<td style=\"text-align: left;\"><a href=\"http:\/\/www.rasser-mineralien.at\/\" target=\"_blank\" rel=\"noopener noreferrer\">http:\/\/www.rasser-mineralien.at\/<\/a><\/td>\n<td style=\"text-align: left;\">Ludwig Rasser &#8211; Mineraliensammler und Sonnblick Wetterwart. Sehr sch\u00f6ne Eigenfunde. WoW.<\/td>\n<\/tr>\n<tr>\n<td style=\"text-align: left;\"><a href=\"http:\/\/www.granat.at\/\" target=\"_blank\" rel=\"noopener noreferrer\">http:\/\/www.granat.at\/<\/a><\/td>\n<td style=\"text-align: left;\">Granat, Smaragd und andere Alpine Mineralien.<\/td>\n<\/tr>\n<tr>\n<td style=\"text-align: left;\"><a href=\"http:\/\/www.mineralien-steiner.at\/\" target=\"_blank\" rel=\"noopener noreferrer\">http:\/\/www.mineralien-steiner.at\/<\/a><\/td>\n<td style=\"text-align: left;\">Homepage der Familie Steiner &#8211; Pinzgau.<\/td>\n<\/tr>\n<tr>\n<td style=\"text-align: left;\"><a href=\"http:\/\/www.mineral.at\/\" target=\"_blank\" rel=\"noopener noreferrer\">http:\/\/www.mineral.at\/<\/a><\/td>\n<td style=\"text-align: left;\">Peter Huber &#8211; Mineralien &#8211; Steindosen &#8211; alte B\u00fccher &#8211; Bergbaukunst<\/td>\n<\/tr>\n<tr>\n<td style=\"text-align: left;\"><a href=\"http:\/\/www.mineralien-hofer.at\/\" target=\"_blank\" rel=\"noopener noreferrer\">http:\/\/www.mineralien-hofer.at\/<\/a><\/td>\n<td style=\"text-align: left;\">Homepage der Br\u00fcder Hofer.\u00a0Jetzt neu \u00fcberarbeitet. Vorbei schauen &#8230;<\/td>\n<\/tr>\n<tr>\n<td style=\"text-align: left;\"><a href=\"http:\/\/www.sbg.at\/gartner\/index1.htm\" target=\"_blank\" rel=\"noopener noreferrer\">http:\/\/www.sbg.at\/gartner\/index1.htm<\/a><\/td>\n<td style=\"text-align: left;\">Franz Gartner &#8211; Mineraliensammler im Oberpinzgau<\/td>\n<\/tr>\n<tr>\n<td style=\"text-align: left;\"><a href=\"http:\/\/www.kristalle.ch\/\" target=\"_blank\" rel=\"noopener noreferrer\">http:\/\/www.kristalle.ch\/<\/a><\/td>\n<td style=\"text-align: left;\">Die wahrscheinlich Beste und umfangreichste Seite im Internet zum Thema Mineralien.<\/td>\n<\/tr>\n<tr>\n<td style=\"text-align: left;\"><a href=\"http:\/\/www.roliwa.ch\/\" target=\"_blank\" rel=\"noopener noreferrer\">http:\/\/www.roliwa.ch\/<\/a><\/td>\n<td style=\"text-align: left;\">Rolli Walter pr\u00e4sentiert seine Funde. Sehr sch\u00f6ne Fundberichte.<\/td>\n<\/tr>\n<tr>\n<td style=\"text-align: left;\"><a href=\"http:\/\/www.mineralien-imhof.ch\/\" target=\"_blank\" rel=\"noopener noreferrer\">http:\/\/www.mineralien-imhof.ch\/<\/a><\/td>\n<td style=\"text-align: left;\">Mineralien-Imhof. Strahler im Binntal<\/td>\n<\/tr>\n<tr>\n<td style=\"text-align: left;\"><a href=\"http:\/\/www.gorsatt.ch\/\" target=\"_blank\" rel=\"noopener noreferrer\">http:\/\/www.gorsatt.ch\/<\/a><\/td>\n<td style=\"text-align: left;\">Ewald Gorsatt &#8211; Strahler im Binntal<\/td>\n<\/tr>\n<tr>\n<td style=\"text-align: left;\"><a href=\"http:\/\/www.binntal.ch\/\" target=\"_blank\" rel=\"noopener noreferrer\">http:\/\/www.binntal.ch\/<\/a><\/td>\n<td style=\"text-align: left;\">Andre Gorsatt &#8211; Die Strahlerlegende aus dem Binntal.<\/td>\n<\/tr>\n<tr>\n<td style=\"text-align: left;\"><a href=\"http:\/\/www.membrini.ch\/\" target=\"_blank\" rel=\"noopener noreferrer\">http:\/\/www.membrini.ch\/<\/a><\/td>\n<td style=\"text-align: left;\">Sehr sch\u00f6ne Hompage der Familie Membrini. Auch das Buch \u201cPablo &#8211; Strahlensucher auf extremen Wegen\u201d und der zugeh\u00f6rige Film sind sehr empfehlenswert.<\/td>\n<\/tr>\n<tr>\n<td style=\"text-align: left;\"><a href=\"http:\/\/www.rohner.org\/mineralien\/index.htm\" target=\"_blank\" rel=\"noopener noreferrer\">http:\/\/www.rohner.org\/<\/a><\/td>\n<td style=\"text-align: left;\">Sehr sch\u00f6ne Homepage von Thomas Rohner. Leider sehr selten Aktualisierungen.<\/td>\n<\/tr>\n<tr>\n<td style=\"text-align: left;\"><a href=\"http:\/\/www.vonarx-bergkristalle.ch\/\" target=\"_blank\" rel=\"noopener noreferrer\">http:\/\/www.vonarx-bergkristalle.ch\/<\/a><\/td>\n<td style=\"text-align: left;\">Von Arx Bergkristalle. Berichte \u00fcber den gr\u00f6\u00dften Kristallfund der Alpen. Muss man einfach gesehen haben.<\/td>\n<\/tr>\n<tr>\n<td style=\"text-align: left;\"><a href=\"http:\/\/www.guidosteger.at\/\" target=\"_blank\" rel=\"noopener noreferrer\">http:\/\/www.guidosteger.at\/<\/a><\/td>\n<td style=\"text-align: left;\">Guido Steger &#8211; MINERALIENSAMMLER UND FREUNDE DER MINERALOGIE<\/td>\n<\/tr>\n<tr>\n<td style=\"text-align: left;\"><a href=\"http:\/\/www.goldminer.at\/\" target=\"_blank\" rel=\"noopener noreferrer\">http:\/\/www.goldminer.at\/<\/a><\/td>\n<td style=\"text-align: left;\">Die Seite f\u00fcr Goldsch\u00fcrfer<\/td>\n<\/tr>\n<tr>\n<td style=\"text-align: left;\"><a href=\"http:\/\/www.gipfeltreffen.at\/\" target=\"_blank\" rel=\"noopener noreferrer\">http:\/\/www.gipfeltreffen.at\/<\/a><\/td>\n<td style=\"text-align: left;\">Alles zum Thema Alpinismus und Berge. Auch f\u00fcr Mineraliensammler lehrreich.<\/td>\n<\/tr>\n<tr>\n<td style=\"text-align: left;\"><a href=\"http:\/\/www.hohetauern.at\/\" target=\"_blank\" rel=\"noopener noreferrer\">http:\/\/www.hohetauern.at\/<\/a><\/td>\n<td style=\"text-align: left;\">Die Homepage des Nationalpark Hohe Tauern.<\/td>\n<\/tr>\n<tr>\n<td style=\"text-align: left;\"><a href=\"http:\/\/www.nationalparks.or.at\/article\/articleview\/64481\/1\/8568\" target=\"_blank\" rel=\"noopener noreferrer\">http:\/\/www.nationalparks.or.at\/article\/articleview\/64481\/1\/8568<\/a><\/td>\n<td style=\"text-align: left;\">Ein Bericht \u00fcber die k\u00fcrzlich verl\u00e4ngerte Forschungsarbeit mit den Salzburger Mineraliensammlern.<\/td>\n<\/tr>\n<tr>\n<td style=\"text-align: left;\"><a href=\"http:\/\/www.mineralienfreunde.de\/\" target=\"_blank\" rel=\"noopener noreferrer\">http:\/\/www.mineralienfreunde.de\/<\/a><\/td>\n<td style=\"text-align: left;\">Vereinshomepage der M\u00fcnchener Mineralienfreunde<\/td>\n<\/tr>\n<tr>\n<td style=\"text-align: left;\"><a href=\"http:\/\/www.taurachsoft.at\/erzweg\/frame.htm\" target=\"_blank\" rel=\"noopener noreferrer\">http:\/\/www.taurachsoft.at\/<\/a><\/td>\n<td style=\"text-align: left;\">Sehr sch\u00f6ne Seite \u00fcber die Geschichte des Lungauer Bergbaues. Sehr zu empfehlen<\/td>\n<\/tr>\n<tr>\n<td style=\"text-align: left;\"><a href=\"http:\/\/www.strahlen.org\/\" target=\"_blank\" rel=\"noopener noreferrer\">http:\/\/www.strahlen.org\/<\/a><\/td>\n<td style=\"text-align: left;\">Englischsprachige Seite zum Thema Strahlen. Einige nette Berichte sind zu sehen.<\/td>\n<\/tr>\n<tr>\n<td style=\"text-align: left;\"><a href=\"http:\/\/binn.strahlen.org\/\" target=\"_blank\" rel=\"noopener noreferrer\">http:\/\/binn.strahlen.org\/<\/a><\/td>\n<td style=\"text-align: left;\">Sehr sch\u00f6ne Seite \u00fcber das Strahlen im Binntal. Leider nur auf Englisch.<\/td>\n<\/tr>\n<tr>\n<td style=\"text-align: left;\"><a href=\"http:\/\/www.kristalle-mineralien.ch\/\" target=\"_blank\" rel=\"noopener noreferrer\">http:\/\/www.kristalle-mineralien.ch\/<\/a><\/td>\n<td style=\"text-align: left;\">Alex Derungs, Strahler aus dem Lugnez.<\/td>\n<\/tr>\n<tr>\n<td style=\"text-align: left;\"><a href=\"http:\/\/www.curschellas.ch\/\" target=\"_blank\" rel=\"noopener noreferrer\">http:\/\/www.curschellas.ch\/<\/a><\/td>\n<td style=\"text-align: left;\">Die Curschellas Br\u00fcder stellen ihre gewaltigen Funde aus.<\/td>\n<\/tr>\n<tr>\n<td style=\"text-align: left;\"><a href=\"http:\/\/www.lapis.de\/\" target=\"_blank\" rel=\"noopener noreferrer\">http:\/\/www.lapis.de\/<\/a><\/td>\n<td style=\"text-align: left;\">Die wohl bekannteste Monatszeitschrift zum Thema Mineralien und Mineraliensammeln. Vorbei schauen lohnt sich.<\/td>\n<\/tr>\n<tr>\n<td style=\"text-align: left;\"><a href=\"http:\/\/www.mineralien-welt.de\/\" target=\"_blank\" rel=\"noopener noreferrer\">http:\/\/www.mineralien-welt.de\/<\/a><\/td>\n<td style=\"text-align: left;\">Weitere deutsche Zeitschrift zum Thema Mineralien.<\/td>\n<\/tr>\n<tr>\n<td style=\"text-align: left;\"><a href=\"http:\/\/www.univie.ac.at\/Mineralogie\/\" target=\"_blank\" rel=\"noopener noreferrer\">http:\/\/www.univie.ac.at\/Mineralogie\/<\/a><\/td>\n<td style=\"text-align: left;\">Universit\u00e4t Wien &#8211; Fachbereich Mineralogie.<\/td>\n<\/tr>\n<tr>\n<td style=\"text-align: left;\"><a href=\"http:\/\/www.maltatal-granit.at\" target=\"_blank\" rel=\"noopener noreferrer\">http:\/\/www.maltatal-granit.at<\/a><\/td>\n<td style=\"text-align: left;\">Homepage von Markus Steiner. Sehr sch\u00f6ne Funde aus dem Lieser- und Maltatal und tolle Berichte \u00fcber Kletter- und Eisklettertouren im Maltatal. Einfach alles was am Maltataler Granit Spa\u00df macht&#8230;<\/td>\n<\/tr>\n<tr>\n<td style=\"text-align: left;\"><a href=\"http:\/\/www.naturwissenschaft-ktn.at\/\" target=\"_blank\" rel=\"noopener noreferrer\">http:\/\/www.naturwissenschaft-ktn.at\/<\/a><\/td>\n<td style=\"text-align: left;\">Naturwissenschaftlicher Verein von K\u00e4rnten. Die Spezialisten in unserem Genre.<\/td>\n<\/tr>\n<tr>\n<td style=\"text-align: left;\"><\/td>\n<td style=\"text-align: left;\"><\/td>\n<\/tr>\n<tr>\n<td style=\"text-align: left;\"><a href=\"http:\/\/www.vsm-salzburg.at\/\" target=\"_blank\" rel=\"noopener noreferrer\">http:\/\/www.vsm-salzburg.at<\/a><\/td>\n<td style=\"text-align: left;\">Vereinigung Salzburger Mineraliensammler. Netter Verein in Salzburg.<\/td>\n<\/tr>\n<tr>\n<td style=\"text-align: left;\"><a href=\"http:\/\/www.der-strahler.ch\/\" target=\"_blank\" rel=\"noopener noreferrer\">http:\/\/www.der-strahler.ch<\/a><\/td>\n<td style=\"text-align: left;\">Seite von Thilo Arlt der im Mont Blanc Gebiet als Berufsstrahler arbeitet.<\/td>\n<\/tr>\n<tr>\n<td style=\"text-align: left;\"><a href=\"http:\/\/www.mineralien.de\/\" target=\"_blank\" rel=\"noopener noreferrer\">http:\/\/www.mineralien.de<\/a><\/td>\n<td style=\"text-align: left;\">Deutsche Seite zum Thema Mineralien. Liefert f\u00fcr den Anf\u00e4nger grundlegende Informationen.<\/td>\n<\/tr>\n<tr>\n<td style=\"text-align: left;\"><a href=\"http:\/\/www.mineralien-surselva.com\/\" target=\"_blank\" rel=\"noopener noreferrer\">http:\/\/www.mineralien-surselva.com<\/a><\/td>\n<td style=\"text-align: left;\">Seite von Patrick Reith \u00fcber das Strahlen im Gebiet der Surselva<\/td>\n<\/tr>\n<tr>\n<td style=\"text-align: left;\"><a href=\"http:\/\/www.mineralienkluft.at\" target=\"_blank\" rel=\"noopener noreferrer\">http:\/\/www.mineralienkluft.at<\/a><\/td>\n<td style=\"text-align: left;\">Neue Seite von Andreas Wallisch. Andreas stellt sich und einige seiner Touren vor. Au\u00dferdem bieter er ausgew\u00e4hlte Mineralien zum Verkauf an.<\/td>\n<\/tr>\n<tr>\n<td><\/td>\n<td><\/td>\n<\/tr>\n<tr>\n<td style=\"text-align: left;\"><a href=\"http:\/\/www.granatium.at\" target=\"_blank\" rel=\"noopener noreferrer\">http:\/\/www.granatium.at<\/a><\/td>\n<td style=\"text-align: left;\"><img loading=\"lazy\" decoding=\"async\" id=\"Bild49\" class=\"alignnone\" title=\"granatium_banner\" src=\"http:\/\/www.kristallkluft.at\/assets\/images\/granatium_banner.jpg\" alt=\"granatium_banner\" width=\"350\" height=\"60\" align=\"LEFT\" border=\"0\" hspace=\"0\" vspace=\"0\" \/>\u00a0Das Ausflugsziel in Radenthein f\u00fcr Alt und Jung. Unbedingt vorbei schauen. Besonders f\u00fcr Kinder und Familien ein Erlebnis. Wer sich f\u00fcr Mineralien interessiert hat hier die M\u00f6glichkeit in die Materie hinein zu schnuppern ohne auf 3000m zu klettern.<\/td>\n<\/tr>\n<\/tbody>\n<\/table>\n","protected":false},"excerpt":{"rendered":"<p>Link Beschreibung http:\/\/www.geo-alpstein.ch\/ Mineralien, Fossilien und Geologie des Alpsteins (S\u00e4ntis-Gebiet, Nordostschweiz) http:\/\/www.schweizer-mineralienwelt.ch\/ \u00dcberblick \u00fcber die Mineralfunde der Schweiz anhand der Sammlung von Peter K\u00fcrsteiner. Laufende Aktualisierung der Fundbilder http:\/\/www.bachgold.de\/ Seite \u00fcber das Goldwaschen in&#46;&#46;&#46;<\/p>\n","protected":false},"author":2,"featured_media":0,"parent":61,"menu_order":0,"comment_status":"closed","ping_status":"closed","template":"","meta":{"footnotes":""},"class_list":["post-67","page","type-page","status-publish","hentry"],"_links":{"self":[{"href":"http:\/\/www.kristallkluft.at\/Kristallkluft\/wp-json\/wp\/v2\/pages\/67","targetHints":{"allow":["GET"]}}],"collection":[{"href":"http:\/\/www.kristallkluft.at\/Kristallkluft\/wp-json\/wp\/v2\/pages"}],"about":[{"href":"http:\/\/www.kristallkluft.at\/Kristallkluft\/wp-json\/wp\/v2\/types\/page"}],"author":[{"embeddable":true,"href":"http:\/\/www.kristallkluft.at\/Kristallkluft\/wp-json\/wp\/v2\/users\/2"}],"replies":[{"embeddable":true,"href":"http:\/\/www.kristallkluft.at\/Kristallkluft\/wp-json\/wp\/v2\/comments?post=67"}],"version-history":[{"count":33,"href":"http:\/\/www.kristallkluft.at\/Kristallkluft\/wp-json\/wp\/v2\/pages\/67\/revisions"}],"predecessor-version":[{"id":1393,"href":"http:\/\/www.kristallkluft.at\/Kristallkluft\/wp-json\/wp\/v2\/pages\/67\/revisions\/1393"}],"up":[{"embeddable":true,"href":"http:\/\/www.kristallkluft.at\/Kristallkluft\/wp-json\/wp\/v2\/pages\/61"}],"wp:attachment":[{"href":"http:\/\/www.kristallkluft.at\/Kristallkluft\/wp-json\/wp\/v2\/media?parent=67"}],"curies":[{"name":"wp","href":"https:\/\/api.w.org\/{rel}","templated":true}]}}