{"id":78,"date":"2016-04-06T07:52:25","date_gmt":"2016-04-06T05:52:25","guid":{"rendered":"http:\/\/www.kristallkluft.at\/Kristallkluft\/?page_id=78"},"modified":"2016-04-06T07:56:08","modified_gmt":"2016-04-06T05:56:08","slug":"maltatal-goessgraben-elendtaeler-poellatal","status":"publish","type":"page","link":"http:\/\/www.kristallkluft.at\/Kristallkluft\/meine-sammlung\/maltatal-goessgraben-elendtaeler-poellatal\/","title":{"rendered":"Maltatal, G\u00f6\u00dfgraben, Elendt\u00e4ler, P\u00f6llatal"},"content":{"rendered":"","protected":false},"excerpt":{"rendered":"","protected":false},"author":2,"featured_media":0,"parent":75,"menu_order":0,"comment_status":"closed","ping_status":"closed","template":"","meta":{"footnotes":""},"class_list":["post-78","page","type-page","status-publish","hentry"],"_links":{"self":[{"href":"http:\/\/www.kristallkluft.at\/Kristallkluft\/wp-json\/wp\/v2\/pages\/78","targetHints":{"allow":["GET"]}}],"collection":[{"href":"http:\/\/www.kristallkluft.at\/Kristallkluft\/wp-json\/wp\/v2\/pages"}],"about":[{"href":"http:\/\/www.kristallkluft.at\/Kristallkluft\/wp-json\/wp\/v2\/types\/page"}],"author":[{"embeddable":true,"href":"http:\/\/www.kristallkluft.at\/Kristallkluft\/wp-json\/wp\/v2\/users\/2"}],"replies":[{"embeddable":true,"href":"http:\/\/www.kristallkluft.at\/Kristallkluft\/wp-json\/wp\/v2\/comments?post=78"}],"version-history":[{"count":1,"href":"http:\/\/www.kristallkluft.at\/Kristallkluft\/wp-json\/wp\/v2\/pages\/78\/revisions"}],"predecessor-version":[{"id":80,"href":"http:\/\/www.kristallkluft.at\/Kristallkluft\/wp-json\/wp\/v2\/pages\/78\/revisions\/80"}],"up":[{"embeddable":true,"href":"http:\/\/www.kristallkluft.at\/Kristallkluft\/wp-json\/wp\/v2\/pages\/75"}],"wp:attachment":[{"href":"http:\/\/www.kristallkluft.at\/Kristallkluft\/wp-json\/wp\/v2\/media?parent=78"}],"curies":[{"name":"wp","href":"https:\/\/api.w.org\/{rel}","templated":true}]}}